{"id":55,"date":"2022-06-01T12:31:15","date_gmt":"2022-06-01T12:31:15","guid":{"rendered":"http:\/\/spanielodz.pl\/?page_id=55"},"modified":"2022-06-01T12:56:16","modified_gmt":"2022-06-01T12:56:16","slug":"kontakt","status":"publish","type":"page","link":"https:\/\/spanielodz.pl\/index.php\/kontakt\/","title":{"rendered":"Kontakt"},"content":{"rendered":"\n<h2>Zap<strong>raszamy do naszego obiektu!<\/strong><\/h2>\n\n\n\n<p>W przypadku nasuni\u0119cia si\u0119 jakichkolwiek pyta\u0144 dot. naszej oferty zach\u0119camy do kontaktu z nami. Ch\u0119tnie odpowiemy na wszelkie zapytania i spotkamy si\u0119 z Pa\u0144stwem. Dopiero kontakt, rozmowa, spotkanie, mo\u017ce da\u0107 pe\u0142niejszy obraz tego w czym mo\u017cemy Pa\u0144stwu pom\u00f3c.<\/p>\n\n\n\n<h2>Meil:  noclegi.krasickiego@gmail.com<\/h2>\n\n\n\n<h2>Tel: 503-404-041 &#8211; S\u0142awomir Wolski<\/h2>\n\n\n\n<p>Serdecznie zapraszamy !<\/p>\n","protected":false},"excerpt":{"rendered":"<p>Zapraszamy do naszego obiektu! W przypadku nasuni\u0119cia si\u0119 jakichkolwiek pyta\u0144 dot. naszej oferty zach\u0119camy do kontaktu z nami. Ch\u0119tnie odpowiemy na wszelkie zapytania i spotkamy si\u0119 z Pa\u0144stwem. Dopiero kontakt, rozmowa, spotkanie, mo\u017ce da\u0107 pe\u0142niejszy obraz tego w czym mo\u017cemy Pa\u0144stwu pom\u00f3c. Meil: noclegi.krasickiego@gmail.com Tel: 503-404-041 &#8211; S\u0142awomir Wolski Serdecznie zapraszamy !<\/p>\n","protected":false},"author":1,"featured_media":0,"parent":0,"menu_order":0,"comment_status":"closed","ping_status":"closed","template":"","meta":[],"_links":{"self":[{"href":"https:\/\/spanielodz.pl\/index.php\/wp-json\/wp\/v2\/pages\/55"}],"collection":[{"href":"https:\/\/spanielodz.pl\/index.php\/wp-json\/wp\/v2\/pages"}],"about":[{"href":"https:\/\/spanielodz.pl\/index.php\/wp-json\/wp\/v2\/types\/page"}],"author":[{"embeddable":true,"href":"https:\/\/spanielodz.pl\/index.php\/wp-json\/wp\/v2\/users\/1"}],"replies":[{"embeddable":true,"href":"https:\/\/spanielodz.pl\/index.php\/wp-json\/wp\/v2\/comments?post=55"}],"version-history":[{"count":4,"href":"https:\/\/spanielodz.pl\/index.php\/wp-json\/wp\/v2\/pages\/55\/revisions"}],"predecessor-version":[{"id":61,"href":"https:\/\/spanielodz.pl\/index.php\/wp-json\/wp\/v2\/pages\/55\/revisions\/61"}],"wp:attachment":[{"href":"https:\/\/spanielodz.pl\/index.php\/wp-json\/wp\/v2\/media?parent=55"}],"curies":[{"name":"wp","href":"https:\/\/api.w.org\/{rel}","templated":true}]}}