{"id":46,"date":"2022-06-01T12:14:04","date_gmt":"2022-06-01T12:14:04","guid":{"rendered":"http:\/\/spanielodz.pl\/?page_id=46"},"modified":"2022-06-01T13:35:34","modified_gmt":"2022-06-01T13:35:34","slug":"noclegi-krasickiego-lodz","status":"publish","type":"page","link":"https:\/\/spanielodz.pl\/","title":{"rendered":"Noclegi Krasickiego \u0141\u00f3d\u017a"},"content":{"rendered":"\n<div class=\"wp-block-image\"><figure class=\"alignleft size-large is-resized\"><img loading=\"lazy\" src=\"http:\/\/spanielodz.pl\/wp-content\/uploads\/2022\/06\/2022-05-22-Budynek-Krasickiego-4a-Lodz-1-1024x683.jpg\" alt=\"\" class=\"wp-image-63\" width=\"481\" height=\"321\" srcset=\"https:\/\/spanielodz.pl\/wp-content\/uploads\/2022\/06\/2022-05-22-Budynek-Krasickiego-4a-Lodz-1-1024x683.jpg 1024w, https:\/\/spanielodz.pl\/wp-content\/uploads\/2022\/06\/2022-05-22-Budynek-Krasickiego-4a-Lodz-1-300x200.jpg 300w, https:\/\/spanielodz.pl\/wp-content\/uploads\/2022\/06\/2022-05-22-Budynek-Krasickiego-4a-Lodz-1-768x512.jpg 768w, https:\/\/spanielodz.pl\/wp-content\/uploads\/2022\/06\/2022-05-22-Budynek-Krasickiego-4a-Lodz-1-1536x1024.jpg 1536w, https:\/\/spanielodz.pl\/wp-content\/uploads\/2022\/06\/2022-05-22-Budynek-Krasickiego-4a-Lodz-1-2048x1365.jpg 2048w, https:\/\/spanielodz.pl\/wp-content\/uploads\/2022\/06\/2022-05-22-Budynek-Krasickiego-4a-Lodz-1-540x360.jpg 540w\" sizes=\"(max-width: 481px) 100vw, 481px\" \/><\/figure><\/div>\n\n\n\n<p>Noclegi zlokalizowane w \u0141odzi przy ulicy Krasickiego 4a, ulica odchodzi od ulicy Rzgowskiej na wysoko\u015bci Czerwonego rynku.<\/p>\n\n\n\n<p>W naszym obiekcie znajd\u0105 Pa\u0144stwo pokoje 2,3,4 osobowe z <strong>\u0142azienkami na korytarzu <\/strong>jak i pokoje z<strong> indywidualna \u0142azienk\u0105<\/strong> w pokoju.<\/p>\n\n\n\n<p>W pokojach noclegowych w \u0142odzi  jest dost\u0119p do<strong> internetu<\/strong> oraz <strong>telewizor<\/strong> z opcj\u0105 smart.<\/p>\n\n\n\n<p>Na ka\u017cdym pi\u0119trze jest og\u00f3lno dost\u0119pny <strong>aneks kuchenny<\/strong>, gdzie samodzielnie mo\u017cna przygotowywa\u0107 sobie posi\u0142ki.<\/p>\n\n\n\n<p>Posiadamy <strong>parking<\/strong> przed obiektem.<\/p>\n\n\n\n<p>W okolicy r\u00f3\u017cne sklepy, markety, apteki, szko\u0142y, przedszkola.<\/p>\n\n\n\n<p>Niedaleko obiektu znajduje si\u0119 \u0141\u00f3dzkie zoo (orientarium), galeria \u0142\u00f3dzka, dworzec kolejowy oraz autobusowy.<\/p>\n\n\n\n<p>W okolicy jest dobry dost\u0119p do komunikacji miejskiej autobusowej jak i tramwajowej.<\/p>\n\n\n\n<p>Wynajmujemy pokoje <strong>kr\u00f3tko<\/strong> oraz <strong>d\u0142ugo <\/strong>terminowo.<\/p>\n","protected":false},"excerpt":{"rendered":"<p>Noclegi zlokalizowane w \u0141odzi przy ulicy Krasickiego 4a, ulica odchodzi od ulicy Rzgowskiej na wysoko\u015bci Czerwonego rynku. W naszym obiekcie znajd\u0105 Pa\u0144stwo pokoje 2,3,4 osobowe z \u0142azienkami na korytarzu jak i pokoje z indywidualna \u0142azienk\u0105 w pokoju. W pokojach noclegowych w \u0142odzi jest dost\u0119p do internetu oraz telewizor z opcj\u0105 smart. Na ka\u017cdym pi\u0119trze jest [&hellip;]<\/p>\n","protected":false},"author":1,"featured_media":0,"parent":0,"menu_order":0,"comment_status":"closed","ping_status":"closed","template":"page-builder.php","meta":[],"_links":{"self":[{"href":"https:\/\/spanielodz.pl\/index.php\/wp-json\/wp\/v2\/pages\/46"}],"collection":[{"href":"https:\/\/spanielodz.pl\/index.php\/wp-json\/wp\/v2\/pages"}],"about":[{"href":"https:\/\/spanielodz.pl\/index.php\/wp-json\/wp\/v2\/types\/page"}],"author":[{"embeddable":true,"href":"https:\/\/spanielodz.pl\/index.php\/wp-json\/wp\/v2\/users\/1"}],"replies":[{"embeddable":true,"href":"https:\/\/spanielodz.pl\/index.php\/wp-json\/wp\/v2\/comments?post=46"}],"version-history":[{"count":4,"href":"https:\/\/spanielodz.pl\/index.php\/wp-json\/wp\/v2\/pages\/46\/revisions"}],"predecessor-version":[{"id":83,"href":"https:\/\/spanielodz.pl\/index.php\/wp-json\/wp\/v2\/pages\/46\/revisions\/83"}],"wp:attachment":[{"href":"https:\/\/spanielodz.pl\/index.php\/wp-json\/wp\/v2\/media?parent=46"}],"curies":[{"name":"wp","href":"https:\/\/api.w.org\/{rel}","templated":true}]}}