{"id":10,"date":"2022-05-31T10:20:23","date_gmt":"2022-05-31T10:20:23","guid":{"rendered":"http:\/\/spanielodz.pl\/?page_id=10"},"modified":"2022-06-01T11:09:35","modified_gmt":"2022-06-01T11:09:35","slug":"oferta","status":"publish","type":"page","link":"https:\/\/spanielodz.pl\/index.php\/oferta\/","title":{"rendered":"Oferta"},"content":{"rendered":"\n<h2>Noclegi Krasickiego \u0141\u00f3d\u017a<\/h2>\n\n\n\n<p><strong>Budynek III kondygnacyjny, \u015bwie\u017co po generalnym remoncie.<\/strong><\/p>\n\n\n\n<p>\ud835\udc0f\ud835\udc1a\ud835\udc2b\ud835\udc2d\ud835\udc1e\ud835\udc2b &#8211; 39 miejsc noclegowych, z \u0142azienkami, TV, internet, kuchnia og\u00f3lnodost\u0119pna na pi\u0119trze.<\/p>\n\n\n\n<p>\ud835\udc0f\ud835\udc22\ud835\udc1e\ud835\udc2b\ud835\udc30\ud835\udc2c\ud835\udc33\ud835\udc1e \ud835\udc0f\ud835\udc22\u0119\ud835\udc2d\ud835\udc2b\ud835\udc28 &#8211; 23 miejsca noclegowe &#8211; 3 \u0142azienki, TV, internet, kuchnia og\u00f3lnodost\u0119pna na pi\u0119trze.<\/p>\n\n\n\n<p>\ud835\udc03\ud835\udc2b\ud835\udc2e\ud835\udc20\ud835\udc22\ud835\udc1e \ud835\udc0f\ud835\udc22\u0119\ud835\udc2d\ud835\udc2b\ud835\udc28 &#8211; 27 miejsc noclegowych &#8211; 3 \u0142azienki, internet, kuchnia og\u00f3lnodost\u0119pna na pi\u0119trze.<\/p>\n\n\n\n<p>\ud835\udc01\ud835\udc2e\ud835\udc1d\ud835\udc32\ud835\udc27\ud835\udc1e\ud835\udc24 \ud835\udc0f\ud835\udc1a\ud835\udc2b\ud835\udc2d\ud835\udc1e\ud835\udc2b\ud835\udc28\ud835\udc30\ud835\udc32 &#8211; wolnostoj\u0105cy 8 osobowy, kuchnia, \u0142azienka<\/p>\n\n\n\n<p><strong>Pokoje 2,3,4, osobowe.<\/strong><\/p>\n\n\n\n<p><strong><\/strong><strong>Do dyspozycji, wyposa\u017cone kuchnie, lod\u00f3wki, mikrofale, pralki , suszarki, Wi-Fi.<\/strong><\/p>\n\n\n\n<p><strong><\/strong><strong>Parking dla samochod\u00f3w.<\/strong><\/p>\n\n\n\n<p><strong><\/strong><strong>Doskona\u0142a komunikacja, przystanki: autobusy, tramwaje.<\/strong><\/p>\n\n\n\n<p><strong><\/strong><strong>W pobli\u017cu mn\u00f3stwo sklep\u00f3w: Lidl, Aldi, Biedronka, Pepco<\/strong><\/p>\n\n\n\n<p><strong><\/strong><strong>Obiekt monitorowany.<\/strong><\/p>\n\n\n\n<p><strong><\/strong><strong>Wystawiamy faktury VAT.<\/strong><\/p>\n\n\n\n<p><strong>Zapraszam firmy do kontaktu tel.503-40-40-41<\/strong><\/p>\n","protected":false},"excerpt":{"rendered":"<p>Noclegi Krasickiego \u0141\u00f3d\u017a Budynek III kondygnacyjny, \u015bwie\u017co po generalnym remoncie. \ud835\udc0f\ud835\udc1a\ud835\udc2b\ud835\udc2d\ud835\udc1e\ud835\udc2b &#8211; 39 miejsc noclegowych, z \u0142azienkami, TV, internet, kuchnia og\u00f3lnodost\u0119pna na pi\u0119trze. \ud835\udc0f\ud835\udc22\ud835\udc1e\ud835\udc2b\ud835\udc30\ud835\udc2c\ud835\udc33\ud835\udc1e \ud835\udc0f\ud835\udc22\u0119\ud835\udc2d\ud835\udc2b\ud835\udc28 &#8211; 23 miejsca noclegowe &#8211; 3 \u0142azienki, TV, internet, kuchnia og\u00f3lnodost\u0119pna na pi\u0119trze. \ud835\udc03\ud835\udc2b\ud835\udc2e\ud835\udc20\ud835\udc22\ud835\udc1e \ud835\udc0f\ud835\udc22\u0119\ud835\udc2d\ud835\udc2b\ud835\udc28 &#8211; 27 miejsc noclegowych &#8211; 3 \u0142azienki, internet, kuchnia og\u00f3lnodost\u0119pna na pi\u0119trze. \ud835\udc01\ud835\udc2e\ud835\udc1d\ud835\udc32\ud835\udc27\ud835\udc1e\ud835\udc24 \ud835\udc0f\ud835\udc1a\ud835\udc2b\ud835\udc2d\ud835\udc1e\ud835\udc2b\ud835\udc28\ud835\udc30\ud835\udc32 &#8211; [&hellip;]<\/p>\n","protected":false},"author":1,"featured_media":0,"parent":0,"menu_order":0,"comment_status":"closed","ping_status":"closed","template":"","meta":[],"_links":{"self":[{"href":"https:\/\/spanielodz.pl\/index.php\/wp-json\/wp\/v2\/pages\/10"}],"collection":[{"href":"https:\/\/spanielodz.pl\/index.php\/wp-json\/wp\/v2\/pages"}],"about":[{"href":"https:\/\/spanielodz.pl\/index.php\/wp-json\/wp\/v2\/types\/page"}],"author":[{"embeddable":true,"href":"https:\/\/spanielodz.pl\/index.php\/wp-json\/wp\/v2\/users\/1"}],"replies":[{"embeddable":true,"href":"https:\/\/spanielodz.pl\/index.php\/wp-json\/wp\/v2\/comments?post=10"}],"version-history":[{"count":4,"href":"https:\/\/spanielodz.pl\/index.php\/wp-json\/wp\/v2\/pages\/10\/revisions"}],"predecessor-version":[{"id":42,"href":"https:\/\/spanielodz.pl\/index.php\/wp-json\/wp\/v2\/pages\/10\/revisions\/42"}],"wp:attachment":[{"href":"https:\/\/spanielodz.pl\/index.php\/wp-json\/wp\/v2\/media?parent=10"}],"curies":[{"name":"wp","href":"https:\/\/api.w.org\/{rel}","templated":true}]}}